{"id":22,"date":"2019-11-25T22:52:29","date_gmt":"2019-11-25T21:52:29","guid":{"rendered":"https:\/\/iuconference.org\/2021\/?page_id=22"},"modified":"2021-03-08T16:17:18","modified_gmt":"2021-03-08T15:17:18","slug":"author-information-programs","status":"publish","type":"page","link":"http:\/\/iuconference.org\/2021\/author-information-programs\/","title":{"rendered":"Author Information &#038; Programs"},"content":{"rendered":"<h2>Soumission des communications et des posters<\/h2>\n<p>L\u2019appel \u00e0 communication \u00e0 ce colloque s\u2019adresse aux universitaires (enseignants chercheurs, chercheurs et aux doctorants). Il sollicite des contributions originales, non soumises \u00e0 d\u2019autres conf\u00e9rences, colloques ou journaux en vue de publication.<\/p>\n<h3><strong>1- Instructions aux auteurs<\/strong><\/h3>\n<p>Le colloque mettra l\u2019accent sur la valorisation des connaissances relatives aux Religions, Sciences et D\u00e9veloppement pour r\u00e9pondre au besoin d\u2019interaction sciences et foi afin de favoriser le progr\u00e8s des soci\u00e9t\u00e9s au sens large.<br \/>\nIl fait appel \u00e0 diff\u00e9rentes mati\u00e8res :<br \/>\n\u2022 r\u00e9sultats de travaux de recherche r\u00e9cents ou recherches en cours ;<br \/>\n\u2022 diagnostics situationnels, \u00e9tats de l\u2019art ou d\u00e9veloppement holistique (secteur des t\u00e9l\u00e9coms) ;<br \/>\n\u2022 exp\u00e9riences significatives dans les domaines de la recherche scientifique en lien avec la foi.<br \/>\nLes auteurs int\u00e9ress\u00e9s peuvent soumettre des travaux originaux sous forme de communication orale ou poster \u00e0 pr\u00e9senter lors du colloque.<br \/>\nLes propositions peuvent \u00eatre r\u00e9dig\u00e9es en fran\u00e7ais ou en anglais.<br \/>\nLes auteurs pr\u00e9sentant des articles sont invit\u00e9s \u00e0 veiller \u00e0 ces consignes scientifiques : mettre l\u2019accent sur les aspects th\u00e9oriques, le corpus, la m\u00e9thodologie, l\u2019\u00e9tat des lieux, les analyses.<\/p>\n<h3><strong>2<\/strong><strong>&#8211; Soumission des textes d\u2019articles et posters<\/strong><\/h3>\n<p>La soumission des articles et posters se font \u00e0 l&rsquo;adresse suivante:\u00a0 iuiscsconference@gmail.com<\/p>\n<p>Il s\u2019agit d\u2019un article complet (10 pages maximum en format Word, texte, illustrations et bibliographie compris) ou pour d\u2019un Poster (en format Powerpoint).<br \/>\nLa date limite de soumission des textes et posters est le\u00a0 10 mai\u00a0 2021 \u00e0 minuit (GMT).<\/p>\n<h2>Crit\u00e8re d&rsquo;\u00e9valuation<\/h2>\n<p>Les diff\u00e9rentes propositions qui seront re\u00e7ues feront l\u2019objet d\u2019une \u00e9valuation en double aveugle. Les textes d\u2019articles complets seront \u00e9galement soumis \u00e0 \u00e9valuation.<br \/>\nLes aspects qui seront tenus en compte sont :<br \/>\n\u2022 Le sujet de l\u2019article ou du poster en rapport avec les axes th\u00e9matiques du colloque ;<br \/>\n\u2022 L\u2019int\u00e9r\u00eat et la pertinence de l\u2019article ou du poster pour le public \u00e0 r\u00e9unir durant le colloque (audience internationale) ;<br \/>\n\u2022 La valeur scientifique et\/ou professionnelle de la contribution ou du poster ;<br \/>\n\u2022 La qualit\u00e9 de l\u2019expression \u00e9crite et de la pr\u00e9sentation des contenus propos\u00e9s.<br \/>\nAu terme de chaque processus d\u2019\u00e9valuation, les r\u00e9sultats seront communiqu\u00e9s aux auteurs par email.<\/p>\n","protected":false},"excerpt":{"rendered":"<p>Soumission des communications et des posters L\u2019appel \u00e0 communication \u00e0 ce colloque s\u2019adresse aux universitaires (enseignants chercheurs, chercheurs et aux<\/p>\n","protected":false},"author":1,"featured_media":0,"parent":0,"menu_order":0,"comment_status":"closed","ping_status":"closed","template":"","meta":{"footnotes":""},"class_list":["post-22","page","type-page","status-publish","hentry","comments-off"],"_links":{"self":[{"href":"http:\/\/iuconference.org\/2021\/wp-json\/wp\/v2\/pages\/22","targetHints":{"allow":["GET"]}}],"collection":[{"href":"http:\/\/iuconference.org\/2021\/wp-json\/wp\/v2\/pages"}],"about":[{"href":"http:\/\/iuconference.org\/2021\/wp-json\/wp\/v2\/types\/page"}],"author":[{"embeddable":true,"href":"http:\/\/iuconference.org\/2021\/wp-json\/wp\/v2\/users\/1"}],"replies":[{"embeddable":true,"href":"http:\/\/iuconference.org\/2021\/wp-json\/wp\/v2\/comments?post=22"}],"version-history":[{"count":11,"href":"http:\/\/iuconference.org\/2021\/wp-json\/wp\/v2\/pages\/22\/revisions"}],"predecessor-version":[{"id":135,"href":"http:\/\/iuconference.org\/2021\/wp-json\/wp\/v2\/pages\/22\/revisions\/135"}],"wp:attachment":[{"href":"http:\/\/iuconference.org\/2021\/wp-json\/wp\/v2\/media?parent=22"}],"curies":[{"name":"wp","href":"https:\/\/api.w.org\/{rel}","templated":true}]}}