{"id":20,"date":"2019-11-25T22:52:18","date_gmt":"2019-11-25T21:52:18","guid":{"rendered":"https:\/\/iuconference.org\/2021\/?page_id=20"},"modified":"2021-03-08T16:07:56","modified_gmt":"2021-03-08T15:07:56","slug":"iciu-commitees","status":"publish","type":"page","link":"http:\/\/iuconference.org\/2021\/iciu-commitees\/","title":{"rendered":"Comit\u00e9s Impact Universit\u00e9 et SCS Afrique"},"content":{"rendered":"<h3>Membres de Comit\u00e9 d&rsquo;Organisation<\/h3>\n<table border=\"0\" width=\"607\" cellspacing=\"0\" cellpadding=\"0\">\n<colgroup>\n<col width=\"315\" \/>\n<col width=\"151\" \/>\n<col width=\"141\" \/><\/colgroup>\n<tbody>\n<tr>\n<td width=\"315\" height=\"24\">Pr. Ross McKenzie\u00a0(Co-Chair)<\/td>\n<td class=\"xl63\" width=\"151\">Universit\u00e9 de Queen&rsquo;s Land<\/td>\n<td class=\"xl63\" width=\"141\">Australie<\/td>\n<\/tr>\n<tr>\n<td class=\"xl63\" height=\"24\">Pr. Rubin Pohor\u00a0<span class=\"font5\">(Co-Chair)<\/span><\/td>\n<td class=\"xl63\">Universit\u00e9 de Bouak\u00e9<\/td>\n<td class=\"xl63\">C\u00f4te d&rsquo;Ivoire<\/td>\n<\/tr>\n<tr>\n<td class=\"xl64\" height=\"24\">Pr. Ahmed D. Kora\u00a0(Co-Chair)<\/td>\n<td class=\"xl63\">Ecole Sup\u00e9rieure Multinationale de T\u00e9l\u00e9communications<\/td>\n<td class=\"xl63\">Senegal<\/td>\n<\/tr>\n<tr>\n<td class=\"xl64\" height=\"24\">Pr. Salom\u00e9 KPOVIESSI (Steering Chair)<\/td>\n<td class=\"xl63\">Universit\u00e9 d&rsquo;Abomey &#8211; Calavi<\/td>\n<td class=\"xl63\">BENIN<\/td>\n<\/tr>\n<tr>\n<td class=\"xl63\" height=\"24\">Pr. Osam Temple \u00a0<span class=\"font5\">(Program Chair)<\/span><\/td>\n<td class=\"xl63\">Global Scholar<\/td>\n<td class=\"xl63\">NIGERIA<\/td>\n<\/tr>\n<tr>\n<td class=\"xl63\" height=\"24\">Dr. Blaise OUEDRAOGO <span class=\"font5\">(Publication Chair)\u00a0<\/span><\/td>\n<td class=\"xl63\">Universit\u00e9 de Ouaga<\/td>\n<td class=\"xl63\">BURKINA FASO<\/td>\n<\/tr>\n<\/tbody>\n<\/table>\n<h2>Membres du comit\u00e9 local d&rsquo;organisation<\/h2>\n<div>\n<table border=\"0\" width=\"309\" cellspacing=\"0\" cellpadding=\"0\">\n<colgroup>\n<col width=\"309\" \/><\/colgroup>\n<tbody>\n<tr>\n<td class=\"xl65\" width=\"309\" height=\"23\">Yabi Camille<\/td>\n<\/tr>\n<tr>\n<td class=\"xl65\" height=\"23\">\n<div>Dr Gad-Abel Dideh<\/div>\n<\/td>\n<\/tr>\n<tr>\n<td class=\"xl65\" height=\"23\">Dr Gaston Kpotin<\/td>\n<\/tr>\n<tr>\n<td class=\"xl65\" height=\"23\">\n<div>Dr Roland Tehou<\/div>\n<\/td>\n<\/tr>\n<tr>\n<td class=\"xl65\" height=\"23\">\n<div>Dr HOUNGAN comlan Aristide<\/div>\n<\/td>\n<\/tr>\n<tr>\n<td class=\"xl65\" height=\"23\">\n<div>Dr Akowanou A. V. On\u00e9sime<\/div>\n<\/td>\n<\/tr>\n<tr>\n<td class=\"xl65\" height=\"23\">\n<div>Dr Rubin Avalla<\/div>\n<\/td>\n<\/tr>\n<tr>\n<td class=\"xl65\" height=\"23\">\n<div>Dr Benedicta Kpadonou Kpoviessi<\/div>\n<\/td>\n<\/tr>\n<tr>\n<td class=\"xl65\" height=\"23\">\n<div>Dr Innocent Ahamid\u00e9<\/div>\n<\/td>\n<\/tr>\n<tr>\n<td class=\"xl65\" height=\"23\">Dr. Laurent Oloukoi<\/td>\n<\/tr>\n<\/tbody>\n<\/table>\n<\/div>\n<h3>Membres du Comit\u00e9 Scientifique<\/h3>\n<div>\n<table border=\"0\" width=\"480\" cellspacing=\"0\" cellpadding=\"0\">\n<colgroup>\n<col width=\"192\" \/>\n<col width=\"169\" \/>\n<col width=\"119\" \/><\/colgroup>\n<tbody>\n<tr>\n<td class=\"xl65\" width=\"192\" height=\"24\">Pr. Martin A\u00cfNA<\/td>\n<td class=\"xl65\" width=\"169\">Universit\u00e9 d&rsquo;Abomey &#8211; Calavi<\/td>\n<td class=\"xl65\" width=\"119\">B\u00e9nin<\/td>\n<\/tr>\n<tr>\n<td class=\"xl65\" height=\"24\">Pr. Christelle Aupetit<\/td>\n<td class=\"xl65\">University of Limoges<\/td>\n<td class=\"xl65\">France<\/td>\n<\/tr>\n<tr>\n<td class=\"xl65\" height=\"24\">Pr. Osam Temple<\/td>\n<td class=\"xl65\">\u00a0Global Scholars<\/td>\n<td class=\"xl65\">Nigeria<\/td>\n<\/tr>\n<tr>\n<td class=\"xl65\" height=\"24\">Pr. B. Antoine Bagula<\/td>\n<td class=\"xl65\">University of the Western Cape (UWC)<\/td>\n<td class=\"xl65\">South Africa<\/td>\n<\/tr>\n<tr>\n<td class=\"xl65\" height=\"24\">Pr. Yao Benjamin<\/td>\n<td class=\"xl65\">INPBH<\/td>\n<td class=\"xl65\">C\u00f4te d&rsquo;Ivoire<\/td>\n<\/tr>\n<tr>\n<td class=\"xl65\" height=\"24\">Pr. MAWEJA MBAYA<\/td>\n<td class=\"xl65\">Universit\u00e9 Gaston Berger<\/td>\n<td class=\"xl65\">Senegal<\/td>\n<\/tr>\n<tr>\n<td class=\"xl65\" height=\"24\">Pr. Samuel Fosso Wamba<\/td>\n<td class=\"xl65\">Toulouse Business School<\/td>\n<td class=\"xl65\">France<\/td>\n<\/tr>\n<tr>\n<td class=\"xl65\" height=\"24\">Pr. Bala Dogo<\/td>\n<td class=\"xl65\">Ahmadu Bello University<\/td>\n<td class=\"xl65\">Nigeria<\/td>\n<\/tr>\n<tr>\n<td class=\"xl65\" height=\"24\">Dr. Keith Campbell<\/td>\n<td class=\"xl65\">\u00a0Global Scholars<\/td>\n<td class=\"xl65\">USA<\/td>\n<\/tr>\n<tr>\n<td class=\"xl65\" height=\"24\">Pr. Salom\u00e9 KPOVIESSI<\/td>\n<td class=\"xl65\">Universit\u00e9 d&rsquo;Abomey &#8211; Calavi<\/td>\n<td class=\"xl65\">B\u00e9nin<\/td>\n<\/tr>\n<tr>\n<td class=\"xl65\" height=\"24\">Pr. Jean-Pierre Cances<\/td>\n<td class=\"xl65\">Universit\u00e9 de Limoges<\/td>\n<td class=\"xl65\">France<\/td>\n<\/tr>\n<tr>\n<td class=\"xl65\" height=\"24\">Pr. T\u00e9lesphore ONDO<\/td>\n<td class=\"xl65\">Universit\u00e9 Omar Bongo<\/td>\n<td class=\"xl65\">GABON<\/td>\n<\/tr>\n<tr>\n<td class=\"xl65\" height=\"24\">Pr. Tiahou Georges<\/td>\n<td class=\"xl65\">Universit\u00e9 de Bouak\u00e9<\/td>\n<td class=\"xl65\">C\u00f4te d&rsquo;Ivoire<\/td>\n<\/tr>\n<tr>\n<td class=\"xl65\" height=\"24\">Pr. Claude Lishou<\/td>\n<td class=\"xl65\">Ecole Sup\u00e9rieure Polytechnique<\/td>\n<td class=\"xl65\">Senegal<\/td>\n<\/tr>\n<tr>\n<td class=\"xl65\" height=\"24\">Pr Sounkalo KONATE<\/td>\n<td class=\"xl65\">Universit\u00e9 de BAMAKO<\/td>\n<td class=\"xl65\">MALI<\/td>\n<\/tr>\n<tr>\n<td class=\"xl65\" height=\"24\">Pr. Selma Boumerdassi<\/td>\n<td class=\"xl65\">INRIA<\/td>\n<td class=\"xl65\">France<\/td>\n<\/tr>\n<tr>\n<td class=\"xl65\" height=\"24\">Pr. Ahmed Dooguy Kora<\/td>\n<td class=\"xl65\">Ecole Sup\u00e9rieure Multinat. des T\u00e9l\u00e9com. (ESMT)<\/td>\n<td class=\"xl65\">Senegal<\/td>\n<\/tr>\n<tr>\n<td class=\"xl65\" height=\"24\">Dr. Fohle Lygunda<\/td>\n<td class=\"xl65\">North-West University, Potchefstroom<\/td>\n<td class=\"xl65\">South Africa<\/td>\n<\/tr>\n<tr>\n<td class=\"xl65\" height=\"24\">Pr. Ayuk Ausaji<\/td>\n<td class=\"xl65\">University of Calabar<\/td>\n<td class=\"xl65\">Nigeria<\/td>\n<\/tr>\n<tr>\n<td class=\"xl65\" height=\"24\">Dr Sidia Diaouma BADIANE<\/td>\n<td class=\"xl65\">Universit\u00e9 Cheick Anta Diop<\/td>\n<td class=\"xl65\">Senegal<\/td>\n<\/tr>\n<tr>\n<td class=\"xl65\" height=\"24\">Dr. Blaise OUEDRAOGO, Ass. Pr.<\/td>\n<td class=\"xl65\">Universit\u00e9 de Ouaga<\/td>\n<td class=\"xl65\">Burkina Faso<\/td>\n<\/tr>\n<tr>\n<td class=\"xl65\" height=\"24\">Dr. Joseph OLOUKO\u00cf, Ass. Pr<\/td>\n<td class=\"xl65\">University of Obafemy Owolowo<\/td>\n<td class=\"xl65\">Nigeria<\/td>\n<\/tr>\n<tr>\n<td class=\"xl65\" height=\"24\">Pr. Dorothy Olu-Jacobs<\/td>\n<td class=\"xl65\">University of Calabar<\/td>\n<td class=\"xl65\">Nigeria<\/td>\n<\/tr>\n<tr>\n<td class=\"xl65\" height=\"24\">Dr. Takor\u00e9 Augustine<\/td>\n<td class=\"xl65\">Universit\u00e9 de Bouak\u00e9<\/td>\n<td class=\"xl65\">C\u00f4te d&rsquo;Ivoire<\/td>\n<\/tr>\n<tr>\n<td class=\"xl65\" height=\"24\">Dr. Gad-Abel DIDEH<\/td>\n<td class=\"xl65\">Universit\u00e9 d&rsquo;Abomey &#8211; Calavi<\/td>\n<td class=\"xl65\">B\u00e9nin<\/td>\n<\/tr>\n<tr>\n<td class=\"xl65\" height=\"24\">Dr. Gaston KPOTIN, Ass. Pr<\/td>\n<td class=\"xl65\">Universit\u00e9 d&rsquo;Abomey &#8211; Calavi<\/td>\n<td class=\"xl65\">B\u00e9nin<\/td>\n<\/tr>\n<tr>\n<td class=\"xl65\" height=\"24\">Dr. Laurent OLOUKOI<\/td>\n<td class=\"xl65\">Universit\u00e9 de Parakou<\/td>\n<td class=\"xl65\">B\u00e9nin<\/td>\n<\/tr>\n<\/tbody>\n<\/table>\n<\/div>\n","protected":false},"excerpt":{"rendered":"<p>Membres de Comit\u00e9 d&rsquo;Organisation Pr. Ross McKenzie\u00a0(Co-Chair) Universit\u00e9 de Queen&rsquo;s Land Australie Pr. Rubin Pohor\u00a0(Co-Chair) Universit\u00e9 de Bouak\u00e9 C\u00f4te d&rsquo;Ivoire<\/p>\n","protected":false},"author":1,"featured_media":0,"parent":0,"menu_order":0,"comment_status":"closed","ping_status":"closed","template":"","meta":{"footnotes":""},"class_list":["post-20","page","type-page","status-publish","hentry","comments-off"],"_links":{"self":[{"href":"http:\/\/iuconference.org\/2021\/wp-json\/wp\/v2\/pages\/20","targetHints":{"allow":["GET"]}}],"collection":[{"href":"http:\/\/iuconference.org\/2021\/wp-json\/wp\/v2\/pages"}],"about":[{"href":"http:\/\/iuconference.org\/2021\/wp-json\/wp\/v2\/types\/page"}],"author":[{"embeddable":true,"href":"http:\/\/iuconference.org\/2021\/wp-json\/wp\/v2\/users\/1"}],"replies":[{"embeddable":true,"href":"http:\/\/iuconference.org\/2021\/wp-json\/wp\/v2\/comments?post=20"}],"version-history":[{"count":25,"href":"http:\/\/iuconference.org\/2021\/wp-json\/wp\/v2\/pages\/20\/revisions"}],"predecessor-version":[{"id":130,"href":"http:\/\/iuconference.org\/2021\/wp-json\/wp\/v2\/pages\/20\/revisions\/130"}],"wp:attachment":[{"href":"http:\/\/iuconference.org\/2021\/wp-json\/wp\/v2\/media?parent=20"}],"curies":[{"name":"wp","href":"https:\/\/api.w.org\/{rel}","templated":true}]}}